{"id":2,"date":"2025-04-22T23:29:20","date_gmt":"2025-04-22T21:29:20","guid":{"rendered":"http:\/\/bezaiwp68.you2.pl\/?page_id=2"},"modified":"2026-04-15T12:47:02","modified_gmt":"2026-04-15T10:47:02","slug":"przykladowa-strona","status":"publish","type":"page","link":"https:\/\/wiktorjasinski.you2.pl\/index.php\/przykladowa-strona\/","title":{"rendered":"O mnie"},"content":{"rendered":"\n<div style=\"height:30px\" aria-hidden=\"true\" class=\"wp-block-spacer\"><\/div>\n\n\n\n<div class=\"wp-block-columns is-layout-flex wp-container-core-columns-is-layout-28f84493 wp-block-columns-is-layout-flex\">\n<div class=\"wp-block-column is-layout-flow wp-block-column-is-layout-flow\" style=\"flex-basis:33.33%\">\n<figure class=\"wp-block-image size-large\"><img loading=\"lazy\" decoding=\"async\" width=\"1788\" height=\"2560\" src=\"http:\/\/wiktorjasinski.you2.pl\/wp-content\/uploads\/2026\/04\/Zdjecie2-edited-scaled.jpg\" alt=\"\" class=\"wp-image-20\" srcset=\"https:\/\/wiktorjasinski.you2.pl\/wp-content\/uploads\/2026\/04\/Zdjecie2-edited-scaled.jpg 1788w, https:\/\/wiktorjasinski.you2.pl\/wp-content\/uploads\/2026\/04\/Zdjecie2-edited-210x300.jpg 210w, https:\/\/wiktorjasinski.you2.pl\/wp-content\/uploads\/2026\/04\/Zdjecie2-edited-715x1024.jpg 715w, https:\/\/wiktorjasinski.you2.pl\/wp-content\/uploads\/2026\/04\/Zdjecie2-edited-768x1099.jpg 768w, https:\/\/wiktorjasinski.you2.pl\/wp-content\/uploads\/2026\/04\/Zdjecie2-edited-1073x1536.jpg 1073w, https:\/\/wiktorjasinski.you2.pl\/wp-content\/uploads\/2026\/04\/Zdjecie2-edited-1431x2048.jpg 1431w\" sizes=\"auto, (max-width: 1788px) 100vw, 1788px\" \/><\/figure>\n<\/div>\n\n\n\n<div class=\"wp-block-column is-layout-flow wp-block-column-is-layout-flow\" style=\"flex-basis:66.66%\">\n<h2 class=\"wp-block-heading\">Cze\u015b\u0107, mam na imi\u0119 Wiktor!<\/h2>\n\n\n\n<blockquote class=\"wp-block-quote is-layout-flow wp-block-quote-is-layout-flow\">\n<p class=\"has-background\" style=\"background-color:#6900a6\"><em>&#8222;Za dnia jestem studentem, z kolei noc\u0105 pr\u00f3buj\u0119 swoich si\u0142 w wielu dziedzinach kt\u00f3rych nie jestem w stanie wymieni\u0107, a to jest moja witryna. Mieszkam w Cz\u0119stochowie, nie mam wspania\u0142ego psa kt\u00f3ry wabi si\u0119 Reks za to du\u017cy dystans i dziwne poczucie humoru.&#8221;<\/em><\/p>\n<\/blockquote>\n<\/div>\n<\/div>\n\n\n\n<p>Mam 23 lata, jestem osob\u0105 otwart\u0105 na wsp\u00f3\u0142prac\u0119 w r\u00f3\u017cnego rodzaju projektach. Moja kreatywno\u015b\u0107 te\u017c nie zna granic, zazwyczaj brakuje mi umiej\u0119tno\u015bci, ni\u017c pomys\u0142\u00f3w. Staram si\u0119 aby wszystko to co robi\u0119 dzia\u0142a\u0142o na najwy\u017cszym poziomie, bez zarzut\u00f3w oraz b\u0142\u0119d\u00f3w &#8211; w projektach staram si\u0119 doj\u015b\u0107 do perfekcji nie zwa\u017caj\u0105c na poziom trudno\u015bci. Moj\u0105 osob\u0119 mo\u017cna okre\u015bli\u0107 jednym s\u0142owem &#8222;Tw\u00f3rczy&#8221;.<\/p>\n\n\n\n<p>Moje zainteresowania to mi\u0119dzy innymi:<\/p>\n\n\n\n<ul class=\"wp-block-list\">\n<li>Modelowanie 3D,<\/li>\n\n\n\n<li>Tworzenie gier,<\/li>\n\n\n\n<li>Tworzenie interfejs\u00f3w aplikacji i program\u00f3w,<\/li>\n\n\n\n<li>Tworzenie muzyki oraz efekt\u00f3w d\u017awi\u0119kowych.<\/li>\n<\/ul>\n\n\n\n<p>Na co dzie\u0144 korzystam z takich program\u00f3w jak:<\/p>\n\n\n\n<ul class=\"wp-block-list\">\n<li>Blender 4.5+,<\/li>\n\n\n\n<li>Affinity,<\/li>\n\n\n\n<li>FL Studio 21,<\/li>\n\n\n\n<li>Reaper,<\/li>\n\n\n\n<li>Godot 4.4.1+,<\/li>\n\n\n\n<li>Roblox Studio.<\/li>\n<\/ul>\n\n\n\n<p>Znam ca\u0142kiem biegle 3 j\u0119zyki programowania:<\/p>\n\n\n\n<ul class=\"wp-block-list\">\n<li>Luau (U\u017cywany w Roblox),<\/li>\n\n\n\n<li>Python,<\/li>\n\n\n\n<li>C++.<\/li>\n<\/ul>\n\n\n\n<div class=\"wp-block-buttons is-content-justification-center is-layout-flex wp-container-core-buttons-is-layout-a89b3969 wp-block-buttons-is-layout-flex\">\n<div class=\"wp-block-button is-style-outline is-style-outline--1\"><a class=\"wp-block-button__link has-custom-fioletowy-color has-text-color has-link-color wp-element-button\">Strona G\u0142\u00f3wna<\/a><\/div>\n\n\n\n<div class=\"wp-block-button is-style-outline is-style-outline--2\"><a class=\"wp-block-button__link has-custom-fioletowy-color has-background-background-color has-text-color has-background has-link-color wp-element-button\">BLOG<\/a><\/div>\n\n\n<\/div>\n","protected":false},"excerpt":{"rendered":"<p>Cze\u015b\u0107, mam na imi\u0119 Wiktor! &#8222;Za dnia jestem studentem, z kolei noc\u0105 pr\u00f3buj\u0119 swoich si\u0142 w wielu dziedzinach kt\u00f3rych nie jestem w stanie wymieni\u0107, a to jest moja witryna. Mieszkam w Cz\u0119stochowie, nie mam wspania\u0142ego psa kt\u00f3ry wabi si\u0119 Reks za to du\u017cy dystans i dziwne poczucie humoru.&#8221; Mam 23 lata, jestem osob\u0105 otwart\u0105 na [&hellip;]<\/p>\n","protected":false},"author":1,"featured_media":0,"parent":0,"menu_order":0,"comment_status":"closed","ping_status":"open","template":"","meta":{"footnotes":""},"class_list":["post-2","page","type-page","status-publish","hentry"],"_links":{"self":[{"href":"https:\/\/wiktorjasinski.you2.pl\/index.php\/wp-json\/wp\/v2\/pages\/2","targetHints":{"allow":["GET"]}}],"collection":[{"href":"https:\/\/wiktorjasinski.you2.pl\/index.php\/wp-json\/wp\/v2\/pages"}],"about":[{"href":"https:\/\/wiktorjasinski.you2.pl\/index.php\/wp-json\/wp\/v2\/types\/page"}],"author":[{"embeddable":true,"href":"https:\/\/wiktorjasinski.you2.pl\/index.php\/wp-json\/wp\/v2\/users\/1"}],"replies":[{"embeddable":true,"href":"https:\/\/wiktorjasinski.you2.pl\/index.php\/wp-json\/wp\/v2\/comments?post=2"}],"version-history":[{"count":5,"href":"https:\/\/wiktorjasinski.you2.pl\/index.php\/wp-json\/wp\/v2\/pages\/2\/revisions"}],"predecessor-version":[{"id":36,"href":"https:\/\/wiktorjasinski.you2.pl\/index.php\/wp-json\/wp\/v2\/pages\/2\/revisions\/36"}],"wp:attachment":[{"href":"https:\/\/wiktorjasinski.you2.pl\/index.php\/wp-json\/wp\/v2\/media?parent=2"}],"curies":[{"name":"wp","href":"https:\/\/api.w.org\/{rel}","templated":true}]}}